{"id":34,"date":"2015-04-08T14:13:49","date_gmt":"2015-04-08T14:13:49","guid":{"rendered":"https:\/\/vacs.ch\/?page_id=34"},"modified":"2025-08-29T10:02:38","modified_gmt":"2025-08-29T08:02:38","slug":"34-2","status":"publish","type":"page","link":"https:\/\/vacs.ch\/?page_id=34","title":{"rendered":""},"content":{"rendered":"<table>\n<tbody>\n<tr>\n<td valign=\"top\"><\/td>\n<td valign=\"top\"><span class=\"hv10\">Dr. rer.nat.<br \/>\nJ\u00f6rg Schulz-Hennig<\/span><\/td>\n<td><\/td>\n<td valign=\"top\"><span class=\"hv10\">Teutonia Marburg, Tigurinia Z\u00fcrich<br \/>\nTel 044 751 11 09<\/span><\/td>\n<td><\/td>\n<td valign=\"top\"><span class=\"hv10\">Vorsitz<\/span><\/td>\n<\/tr>\n<tr>\n<td valign=\"top\"><\/td>\n<td valign=\"top\"><span class=\"hv10\">Dr.<br \/>\nBernhard Karbe<\/span><\/td>\n<td><\/td>\n<td valign=\"top\"><span class=\"hv10\">Normannia Berlin, Tigurinia Z\u00fcrich<br \/>\nTel 078 813 00 47<\/span><\/td>\n<td><\/td>\n<td valign=\"top\"><span class=\"hv10\">Kasse<\/span><\/td>\n<\/tr>\n<\/tbody>\n<\/table>\n<p style=\"text-align: center;\">Bitte nehmen Sie mit mir Kontakt auf:<\/p>\n<p style=\"text-align: center;\">\n<div class=\"wpcf7 no-js\" id=\"wpcf7-f43-o1\" lang=\"en-US\" dir=\"ltr\" data-wpcf7-id=\"43\">\n<div class=\"screen-reader-response\"><p role=\"status\" aria-live=\"polite\" aria-atomic=\"true\"><\/p> <ul><\/ul><\/div>\n<form action=\"\/index.php?rest_route=%2Fwp%2Fv2%2Fpages%2F34#wpcf7-f43-o1\" method=\"post\" class=\"wpcf7-form init\" aria-label=\"Contact form\" novalidate=\"novalidate\" data-status=\"init\">\n<fieldset class=\"hidden-fields-container\"><input type=\"hidden\" name=\"_wpcf7\" value=\"43\" \/><input type=\"hidden\" name=\"_wpcf7_version\" value=\"6.1.5\" \/><input type=\"hidden\" name=\"_wpcf7_locale\" value=\"en_US\" \/><input type=\"hidden\" name=\"_wpcf7_unit_tag\" value=\"wpcf7-f43-o1\" \/><input type=\"hidden\" name=\"_wpcf7_container_post\" value=\"0\" \/><input type=\"hidden\" name=\"_wpcf7_posted_data_hash\" value=\"\" \/><input type=\"hidden\" name=\"_wpcf7_recaptcha_response\" value=\"\" \/>\n<\/fieldset>\n<p>An\n<\/p>\n<p><span class=\"wpcf7-form-control-wrap\" data-name=\"menu-428\"><select class=\"wpcf7-form-control wpcf7-select\" aria-invalid=\"false\" name=\"menu-428\"><option value=\"Dr. rer.nat. J\u00f6rg Schulz-Hennig &lt;joerg_schulz-hennig@bluewin.ch&gt;\">Dr. rer.nat. J\u00f6rg Schulz-Hennig &lt;joerg_schulz-hennig@bluewin.ch&gt;<\/option><option value=\"Dr. Bernhard Karbe &lt;bernhard.karbe@gmx.de&gt;\">Dr. Bernhard Karbe &lt;bernhard.karbe@gmx.de&gt;<\/option><\/select><\/span>\n<\/p>\n<p><span class=\"wpcf7-form-control-wrap\" data-name=\"your-message\"><textarea cols=\"40\" rows=\"10\" maxlength=\"2000\" class=\"wpcf7-form-control wpcf7-textarea wpcf7-validates-as-required\" aria-required=\"true\" aria-invalid=\"false\" name=\"your-message\"><\/textarea><\/span>\n<\/p>\n<p>Vorname, Name\n<\/p>\n<p><span class=\"wpcf7-form-control-wrap\" data-name=\"your-name\"><input size=\"40\" maxlength=\"400\" class=\"wpcf7-form-control wpcf7-text wpcf7-validates-as-required\" aria-required=\"true\" aria-invalid=\"false\" value=\"\" type=\"text\" name=\"your-name\" \/><\/span>\n<\/p>\n<p>Telefon\n<\/p>\n<p><span class=\"wpcf7-form-control-wrap\" data-name=\"your-phone\"><input size=\"40\" maxlength=\"400\" class=\"wpcf7-form-control wpcf7-text\" aria-invalid=\"false\" value=\"\" type=\"text\" name=\"your-phone\" \/><\/span>\n<\/p>\n<p>eMail\n<\/p>\n<p><span class=\"wpcf7-form-control-wrap\" data-name=\"your-email\"><input size=\"40\" maxlength=\"400\" class=\"wpcf7-form-control wpcf7-email wpcf7-validates-as-required wpcf7-text wpcf7-validates-as-email\" aria-required=\"true\" aria-invalid=\"false\" value=\"\" type=\"email\" name=\"your-email\" \/><\/span>\n<\/p>\n<p><input class=\"wpcf7-form-control wpcf7-submit has-spinner\" type=\"submit\" value=\"Absenden\" \/>\n<\/p><div class=\"wpcf7-response-output\" aria-hidden=\"true\"><\/div>\n<\/form>\n<\/div>\n<\/p>\n","protected":false},"excerpt":{"rendered":"<p>Dr. rer.nat. J\u00f6rg Schulz-Hennig Teutonia Marburg, Tigurinia Z\u00fcrich Tel 044 751 11 09 Vorsitz Dr. Bernhard Karbe Normannia Berlin, Tigurinia Z\u00fcrich Tel 078 813 00 47 Kasse Bitte nehmen Sie mit mir Kontakt auf:<\/p>\n","protected":false},"author":2,"featured_media":0,"parent":0,"menu_order":0,"comment_status":"closed","ping_status":"closed","template":"","meta":{"footnotes":""},"class_list":["post-34","page","type-page","status-publish","hentry"],"_links":{"self":[{"href":"https:\/\/vacs.ch\/index.php?rest_route=\/wp\/v2\/pages\/34","targetHints":{"allow":["GET"]}}],"collection":[{"href":"https:\/\/vacs.ch\/index.php?rest_route=\/wp\/v2\/pages"}],"about":[{"href":"https:\/\/vacs.ch\/index.php?rest_route=\/wp\/v2\/types\/page"}],"author":[{"embeddable":true,"href":"https:\/\/vacs.ch\/index.php?rest_route=\/wp\/v2\/users\/2"}],"replies":[{"embeddable":true,"href":"https:\/\/vacs.ch\/index.php?rest_route=%2Fwp%2Fv2%2Fcomments&post=34"}],"version-history":[{"count":9,"href":"https:\/\/vacs.ch\/index.php?rest_route=\/wp\/v2\/pages\/34\/revisions"}],"predecessor-version":[{"id":72,"href":"https:\/\/vacs.ch\/index.php?rest_route=\/wp\/v2\/pages\/34\/revisions\/72"}],"wp:attachment":[{"href":"https:\/\/vacs.ch\/index.php?rest_route=%2Fwp%2Fv2%2Fmedia&parent=34"}],"curies":[{"name":"wp","href":"https:\/\/api.w.org\/{rel}","templated":true}]}}